{"id":1494,"date":"2021-03-19T19:34:42","date_gmt":"2021-03-19T19:34:42","guid":{"rendered":"https:\/\/diz.gov.mk\/furnizime-publike\/"},"modified":"2021-03-19T19:34:43","modified_gmt":"2021-03-19T19:34:43","slug":"furnizime-publike","status":"publish","type":"page","link":"https:\/\/diz.gov.mk\/sq\/furnizime-publike\/","title":{"rendered":"Furnizime publike"},"content":{"rendered":"\t\t<div data-elementor-type=\"wp-page\" data-elementor-id=\"1494\" class=\"elementor elementor-1494 elementor-29\">\n\t\t\t\t\t\t<section class=\"elementor-section elementor-top-section elementor-element elementor-element-d8703c2 elementor-section-boxed elementor-section-height-default elementor-section-height-default\" data-id=\"d8703c2\" data-element_type=\"section\" data-settings=\"{&quot;jet_parallax_layout_list&quot;:[{&quot;jet_parallax_layout_image&quot;:{&quot;url&quot;:&quot;&quot;,&quot;id&quot;:&quot;&quot;,&quot;size&quot;:&quot;&quot;},&quot;_id&quot;:&quot;7c5bd1d&quot;,&quot;jet_parallax_layout_image_tablet&quot;:{&quot;url&quot;:&quot;&quot;,&quot;id&quot;:&quot;&quot;,&quot;size&quot;:&quot;&quot;},&quot;jet_parallax_layout_image_mobile&quot;:{&quot;url&quot;:&quot;&quot;,&quot;id&quot;:&quot;&quot;,&quot;size&quot;:&quot;&quot;},&quot;jet_parallax_layout_speed&quot;:{&quot;unit&quot;:&quot;%&quot;,&quot;size&quot;:50,&quot;sizes&quot;:[]},&quot;jet_parallax_layout_type&quot;:&quot;scroll&quot;,&quot;jet_parallax_layout_direction&quot;:null,&quot;jet_parallax_layout_fx_direction&quot;:null,&quot;jet_parallax_layout_z_index&quot;:&quot;&quot;,&quot;jet_parallax_layout_bg_x&quot;:50,&quot;jet_parallax_layout_bg_x_tablet&quot;:&quot;&quot;,&quot;jet_parallax_layout_bg_x_mobile&quot;:&quot;&quot;,&quot;jet_parallax_layout_bg_y&quot;:50,&quot;jet_parallax_layout_bg_y_tablet&quot;:&quot;&quot;,&quot;jet_parallax_layout_bg_y_mobile&quot;:&quot;&quot;,&quot;jet_parallax_layout_bg_size&quot;:&quot;auto&quot;,&quot;jet_parallax_layout_bg_size_tablet&quot;:&quot;&quot;,&quot;jet_parallax_layout_bg_size_mobile&quot;:&quot;&quot;,&quot;jet_parallax_layout_animation_prop&quot;:&quot;transform&quot;,&quot;jet_parallax_layout_on&quot;:[&quot;desktop&quot;,&quot;tablet&quot;]}]}\">\n\t\t\t\t\t\t<div class=\"elementor-container elementor-column-gap-default\">\n\t\t\t\t\t<div class=\"elementor-column elementor-col-100 elementor-top-column elementor-element elementor-element-7e637fb\" data-id=\"7e637fb\" data-element_type=\"column\">\n\t\t\t<div class=\"elementor-widget-wrap elementor-element-populated\">\n\t\t\t\t\t\t<div class=\"elementor-element elementor-element-5502c0a elementor-widget elementor-widget-raven-tabs\" data-id=\"5502c0a\" data-element_type=\"widget\" data-widget_type=\"raven-tabs.default\">\n\t\t\t\t<div class=\"elementor-widget-container\">\n\t\t\t\t\t<div class=\"raven-widget-wrapper\">\n\t\t\t<div class=\"raven-tabs raven-tabs-horizontal\">\n\t\t\t\t<div class=\"raven-tabs-list\" role=\"tablist\">\n\t\t\t\t\t\t\t\t\t\t\t<div id=\"raven-tabs-title-8911\" class=\"raven-tabs-title raven-tabs-desktop-title raven-tabs-active raven-tabs-has-icon\" role=\"tab\" aria-controls=\"raven-tabs-content-8911\" tabindex=\"-1\" data-tab=\"1\">\n\t\t\t\t\t\t\t\t\t\t<span class=\"raven-tabs-title-icon\">\n\t\t\t\t\t\t\t<\/span>\n\t\t\t\t\t\t\t\t\t\t<span class=\"raven-tabs-title-text\">Prokurimi i planifikuar<\/span>\n\t\t\t\t\t\t<\/div>\n\t\t\t\t\t\t\t\t\t\t\t<div id=\"raven-tabs-title-8912\" class=\"raven-tabs-title raven-tabs-desktop-title raven-tabs-has-icon\" role=\"tab\" aria-controls=\"raven-tabs-content-8912\" tabindex=\"-1\" data-tab=\"2\">\n\t\t\t\t\t\t\t\t\t\t<span class=\"raven-tabs-title-icon\">\n\t\t\t\t\t\t\t<\/span>\n\t\t\t\t\t\t\t\t\t\t<span class=\"raven-tabs-title-text\">Reklama t\u00eb publikuara<\/span>\n\t\t\t\t\t\t<\/div>\n\t\t\t\t\t\t\t\t\t\t\t<div id=\"raven-tabs-title-8913\" class=\"raven-tabs-title raven-tabs-desktop-title raven-tabs-has-icon\" role=\"tab\" aria-controls=\"raven-tabs-content-8913\" tabindex=\"-1\" data-tab=\"3\">\n\t\t\t\t\t\t\t\t\t\t<span class=\"raven-tabs-title-icon\">\n\t\t\t\t\t\t\t<\/span>\n\t\t\t\t\t\t\t\t\t\t<span class=\"raven-tabs-title-text\">Marr\u00ebveshjet e lidhura<\/span>\n\t\t\t\t\t\t<\/div>\n\t\t\t\t\t\t\t\t\t\t\t<div id=\"raven-tabs-title-8914\" class=\"raven-tabs-title raven-tabs-desktop-title raven-tabs-has-icon\" role=\"tab\" aria-controls=\"raven-tabs-content-8914\" tabindex=\"-1\" data-tab=\"4\">\n\t\t\t\t\t\t\t\t\t\t<span class=\"raven-tabs-title-icon\">\n\t\t\t\t\t\t\t<\/span>\n\t\t\t\t\t\t\t\t\t\t<span class=\"raven-tabs-title-text\">Kontratat e realizuara<\/span>\n\t\t\t\t\t\t<\/div>\n\t\t\t\t\t\t\t\t\t<\/div>\n\t\t\t\t<div class=\"raven-tabs-content-wrapper\">\n\t\t\t\t\t\t\t\t\t<div class=\"raven-tabs-title raven-tabs-mobile-title raven-tabs-active raven-tabs-has-icon\" role=\"tab\" tabindex=\"-1\" data-tab=\"1\">\n\t\t\t\t\t\t\t<span class=\"raven-tabs-title-icon\">\n\t\t\t\t\t\t\t<\/span>\n\t\t\t\t\t\t\t<span class=\"raven-tabs-title-text\">Prokurimi i planifikuar<\/span>\n\t\t\t<\/div>\n\t\t\t<div id=\"raven-tabs-content-8911\" class=\"raven-tabs-content elementor-clearfix raven-tabs-active\" role=\"tabpanel\" aria-labelledby=\"raven-tabs-title-8911\" data-tab=\"1\"><p><iframe src=\"https:\/\/e-nabavki.gov.mk\/InstitutionGridData.aspx#\/ciAnnouncementPlansGrid\/f564b9f6-ed32-49b3-973c-a45a00db6e45\" width=\"100%\" style=\"height:900px\"><\/iframe><\/p>\n<\/div>\n\t\t\t\t\t\t<div class=\"raven-tabs-title raven-tabs-mobile-title raven-tabs-has-icon\" role=\"tab\" tabindex=\"-1\" data-tab=\"2\">\n\t\t\t\t\t\t\t<span class=\"raven-tabs-title-icon\">\n\t\t\t\t\t\t\t<\/span>\n\t\t\t\t\t\t\t<span class=\"raven-tabs-title-text\">Reklama t\u00eb publikuara<\/span>\n\t\t\t<\/div>\n\t\t\t<div id=\"raven-tabs-content-8912\" class=\"raven-tabs-content elementor-clearfix\" role=\"tabpanel\" aria-labelledby=\"raven-tabs-title-8912\" data-tab=\"2\"><p><iframe src=\"https:\/\/e-nabavki.gov.mk\/InstitutionGridData.aspx#\/ciAnnouncementsGrid\/f564b9f6-ed32-49b3-973c-a45a00db6e45\" width=\"100%\" style=\"height:900px\"><\/iframe><\/p>\n<\/div>\n\t\t\t\t\t\t<div class=\"raven-tabs-title raven-tabs-mobile-title raven-tabs-has-icon\" role=\"tab\" tabindex=\"-1\" data-tab=\"3\">\n\t\t\t\t\t\t\t<span class=\"raven-tabs-title-icon\">\n\t\t\t\t\t\t\t<\/span>\n\t\t\t\t\t\t\t<span class=\"raven-tabs-title-text\">Marr\u00ebveshjet e lidhura<\/span>\n\t\t\t<\/div>\n\t\t\t<div id=\"raven-tabs-content-8913\" class=\"raven-tabs-content elementor-clearfix\" role=\"tabpanel\" aria-labelledby=\"raven-tabs-title-8913\" data-tab=\"3\"><p><iframe src=\"https:\/\/e-nabavki.gov.mk\/InstitutionGridData.aspx#\/ciContractsGrid\/f564b9f6-ed32-49b3-973c-a45a00db6e45\" width=\"100%\" style=\"height:900px\"><\/iframe><\/p>\n<\/div>\n\t\t\t\t\t\t<div class=\"raven-tabs-title raven-tabs-mobile-title raven-tabs-has-icon\" role=\"tab\" tabindex=\"-1\" data-tab=\"4\">\n\t\t\t\t\t\t\t<span class=\"raven-tabs-title-icon\">\n\t\t\t\t\t\t\t<\/span>\n\t\t\t\t\t\t\t<span class=\"raven-tabs-title-text\">Kontratat e realizuara<\/span>\n\t\t\t<\/div>\n\t\t\t<div id=\"raven-tabs-content-8914\" class=\"raven-tabs-content elementor-clearfix\" role=\"tabpanel\" aria-labelledby=\"raven-tabs-title-8914\" data-tab=\"4\"><p><iframe src=\"https:\/\/e-nabavki.gov.mk\/InstitutionGridData.aspx#\/ciRealizedContractsGrid\/f564b9f6-ed32-49b3-973c-a45a00db6e45\" width=\"100%\" style=\"height:900px\"><\/iframe><\/p>\n<\/div>\n\t\t\t\t\t\t\t<\/div>\n\t\t\t<\/div>\n\t\t<\/div>\n\t\t\t\t<\/div>\n\t\t\t\t<\/div>\n\t\t\t\t\t<\/div>\n\t\t<\/div>\n\t\t\t\t\t<\/div>\n\t\t<\/section>\n\t\t\t\t<\/div>\n\t\t","protected":false},"excerpt":{"rendered":"<p>Prokurimi i planifikuar Reklama t\u00eb publikuara Marr\u00ebveshjet e lidhura Kontratat e realizuara Prokurimi i planifikuar Reklama t\u00eb publikuara Marr\u00ebveshjet e lidhura Kontratat e realizuara<\/p>\n","protected":false},"author":1,"featured_media":453,"parent":0,"menu_order":5,"comment_status":"closed","ping_status":"closed","template":"","meta":{"_exactmetrics_skip_tracking":false,"_exactmetrics_sitenote_active":false,"_exactmetrics_sitenote_note":"","_exactmetrics_sitenote_category":0},"_links":{"self":[{"href":"https:\/\/diz.gov.mk\/sq\/wp-json\/wp\/v2\/pages\/1494"}],"collection":[{"href":"https:\/\/diz.gov.mk\/sq\/wp-json\/wp\/v2\/pages"}],"about":[{"href":"https:\/\/diz.gov.mk\/sq\/wp-json\/wp\/v2\/types\/page"}],"author":[{"embeddable":true,"href":"https:\/\/diz.gov.mk\/sq\/wp-json\/wp\/v2\/users\/1"}],"replies":[{"embeddable":true,"href":"https:\/\/diz.gov.mk\/sq\/wp-json\/wp\/v2\/comments?post=1494"}],"version-history":[{"count":1,"href":"https:\/\/diz.gov.mk\/sq\/wp-json\/wp\/v2\/pages\/1494\/revisions"}],"predecessor-version":[{"id":1495,"href":"https:\/\/diz.gov.mk\/sq\/wp-json\/wp\/v2\/pages\/1494\/revisions\/1495"}],"wp:featuredmedia":[{"embeddable":true,"href":"https:\/\/diz.gov.mk\/sq\/wp-json\/wp\/v2\/media\/453"}],"wp:attachment":[{"href":"https:\/\/diz.gov.mk\/sq\/wp-json\/wp\/v2\/media?parent=1494"}],"curies":[{"name":"wp","href":"https:\/\/api.w.org\/{rel}","templated":true}]}}